{"id":1011,"date":"2015-09-15T15:36:31","date_gmt":"2015-09-15T13:36:31","guid":{"rendered":"http:\/\/www.verolegno.it\/?page_id=1011&#038;lang=en"},"modified":"2015-09-25T15:56:26","modified_gmt":"2015-09-25T13:56:26","slug":"affiliate","status":"publish","type":"page","link":"https:\/\/www.verolegno.it\/en\/affiliate","title":{"rendered":"<span class=\"entry-title-primary\">Affiliate<\/span> <span class=\"entry-subtitle\">COME, DOVE E QUANDO<\/span>"},"content":{"rendered":"<h3><a href=\"http:\/\/www.verolegno.it\/wp-content\/uploads\/2015\/09\/associarsi-vaso.jpg\" data-rel=\"lightbox-image-0\" data-rl_title=\"\" data-rl_caption=\"\" title=\"\"><img loading=\"lazy\" class=\"alignright wp-image-940\" src=\"http:\/\/www.verolegno.it\/wp-content\/uploads\/2015\/09\/associarsi-vaso-153x300.jpg\" alt=\"associarsi-vaso\" width=\"264\" height=\"518\" srcset=\"https:\/\/www.verolegno.it\/wp-content\/uploads\/2015\/09\/associarsi-vaso-153x300.jpg 153w, https:\/\/www.verolegno.it\/wp-content\/uploads\/2015\/09\/associarsi-vaso-74x146.jpg 74w, https:\/\/www.verolegno.it\/wp-content\/uploads\/2015\/09\/associarsi-vaso-25x50.jpg 25w, https:\/\/www.verolegno.it\/wp-content\/uploads\/2015\/09\/associarsi-vaso-38x75.jpg 38w, https:\/\/www.verolegno.it\/wp-content\/uploads\/2015\/09\/associarsi-vaso.jpg 303w\" sizes=\"(max-width: 264px) 100vw, 264px\" \/><\/a>PERCH\u00c8 ASSOCIARSI<\/h3>\n<p>Perch\u00e9 Vero Legno \u00e8 garanzia!<br \/>\n* Vero Legno rilascia la Scheda Prodotto garantita, obbligatoria e valida per legge<br \/>\n* Vero Legno difende i produttori del legno-arredo<br \/>\n* Vero Legno tutela il consumatore<br \/>\n* Insieme si raggiungono grandi obiettivi<\/p>\n<h3>CHI SI ASSOCIA<\/h3>\n<p>* Produttori industriali e artigiani di mobili e complementi d\u2019arredo, di porte e serramenti, di pavimenti, di complementi in legno per l\u2019edilizia, di oggettistica in legno e di ogni altro prodotto legno.<br \/>\n* Produttori e commercianti di tronchi, segati, piallacci, pannelli, case e altri semilavorati in legno.<br \/>\n* Agenti, rappresentanti, mediatori del legno e di prodotti in legno.<br \/>\n* Produttori di macchine per la lavorazione del legno, di vernici per il legno e di altri prodotti per il legno.<br \/>\n* Architetti, arredatori, designers, ingegneri, geometri, categorie professionali che trattano o si occupano di legno.<br \/>\n* Trasportatori del legno, mobili e altri prodotti in legno.<br \/>\n* Editori di pubblicazioni per il legno e l\u2019arredamento.<br \/>\n* Enti, associazioni ed altri soggetti interessati alla diffusione del legno.<\/p>\n<p><a href=\"\/wp-content\/uploads\/2015\/09\/statuto.pdf\"><img loading=\"lazy\" class=\"alignnone size-full wp-image-949\" src=\"http:\/\/www.verolegno.it\/wp-content\/uploads\/2015\/09\/documents.png\" alt=\"documents\" width=\"68\" height=\"68\" srcset=\"https:\/\/www.verolegno.it\/wp-content\/uploads\/2015\/09\/documents.png 68w, https:\/\/www.verolegno.it\/wp-content\/uploads\/2015\/09\/documents-50x50.png 50w\" sizes=\"(max-width: 68px) 100vw, 68px\" \/> Scarica lo statuto<\/a><\/p>\n<div role=\"form\" class=\"wpcf7\" id=\"wpcf7-f1013-o1\" lang=\"it-IT\" dir=\"ltr\">\n<div class=\"screen-reader-response\"><p role=\"status\" aria-live=\"polite\" aria-atomic=\"true\"><\/p> <ul><\/ul><\/div>\n<form action=\"\/en\/wp-json\/wp\/v2\/pages\/1011#wpcf7-f1013-o1\" method=\"post\" class=\"wpcf7-form init\" novalidate=\"novalidate\" data-status=\"init\">\n<div style=\"display: none;\">\n<input type=\"hidden\" name=\"_wpcf7\" value=\"1013\" \/>\n<input type=\"hidden\" name=\"_wpcf7_version\" value=\"5.3.2\" \/>\n<input type=\"hidden\" name=\"_wpcf7_locale\" value=\"it_IT\" \/>\n<input type=\"hidden\" name=\"_wpcf7_unit_tag\" value=\"wpcf7-f1013-o1\" \/>\n<input type=\"hidden\" name=\"_wpcf7_container_post\" value=\"0\" \/>\n<input type=\"hidden\" name=\"_wpcf7_posted_data_hash\" value=\"\" \/>\n<\/div>\n<div id=\"associarsi-contact-form\">\nFill you email address and you will be contacted as soon as possible, or you can call us 031-748997, 031-751036.<\/p>\n<p><span class=\"wpcf7-form-control-wrap your-email\"><input type=\"email\" name=\"your-email\" value=\"\" size=\"40\" class=\"wpcf7-form-control wpcf7-text wpcf7-email wpcf7-validates-as-required wpcf7-validates-as-email\" aria-required=\"true\" aria-invalid=\"false\" \/><\/span> <input type=\"submit\" value=\"Send\" class=\"wpcf7-form-control wpcf7-submit\" \/>\n<\/p><\/div>\n<div class=\"wpcf7-response-output\" aria-hidden=\"true\"><\/div><\/form><\/div>\n<div class=\"addinfo\"><a href=\"http:\/\/www.verolegno.it\/en\/qr-code\/\"><img loading=\"lazy\" class=\"ic_etichetta alignnone wp-image-714 size-full\" src=\"http:\/\/www.verolegno.it\/wp-content\/uploads\/2015\/08\/etichetta.png\" alt=\"etichetta\" width=\"91\" height=\"84\" srcset=\"https:\/\/www.verolegno.it\/wp-content\/uploads\/2015\/08\/etichetta.png 91w, https:\/\/www.verolegno.it\/wp-content\/uploads\/2015\/08\/etichetta-50x46.png 50w, https:\/\/www.verolegno.it\/wp-content\/uploads\/2015\/08\/etichetta-81x75.png 81w\" sizes=\"(max-width: 91px) 100vw, 91px\" \/><\/a><\/div>\n","protected":false},"excerpt":{"rendered":"<p>PERCH\u00c8 ASSOCIARSI Perch\u00e9 Vero Legno \u00e8 garanzia! * Vero Legno rilascia la Scheda Prodotto garantita, obbligatoria e valida per legge * Vero Legno difende i produttori [&hellip;]<\/p>\n","protected":false},"author":2,"featured_media":936,"parent":0,"menu_order":0,"comment_status":"closed","ping_status":"closed","template":"","meta":{"_bbp_topic_count":0,"_bbp_reply_count":0,"_bbp_total_topic_count":0,"_bbp_total_reply_count":0,"_bbp_voice_count":0,"_bbp_anonymous_reply_count":0,"_bbp_topic_count_hidden":0,"_bbp_reply_count_hidden":0,"_bbp_forum_subforum_count":0},"_links":{"self":[{"href":"https:\/\/www.verolegno.it\/en\/wp-json\/wp\/v2\/pages\/1011"}],"collection":[{"href":"https:\/\/www.verolegno.it\/en\/wp-json\/wp\/v2\/pages"}],"about":[{"href":"https:\/\/www.verolegno.it\/en\/wp-json\/wp\/v2\/types\/page"}],"author":[{"embeddable":true,"href":"https:\/\/www.verolegno.it\/en\/wp-json\/wp\/v2\/users\/2"}],"replies":[{"embeddable":true,"href":"https:\/\/www.verolegno.it\/en\/wp-json\/wp\/v2\/comments?post=1011"}],"version-history":[{"count":4,"href":"https:\/\/www.verolegno.it\/en\/wp-json\/wp\/v2\/pages\/1011\/revisions"}],"predecessor-version":[{"id":1318,"href":"https:\/\/www.verolegno.it\/en\/wp-json\/wp\/v2\/pages\/1011\/revisions\/1318"}],"wp:featuredmedia":[{"embeddable":true,"href":"https:\/\/www.verolegno.it\/en\/wp-json\/wp\/v2\/media\/936"}],"wp:attachment":[{"href":"https:\/\/www.verolegno.it\/en\/wp-json\/wp\/v2\/media?parent=1011"}],"curies":[{"name":"wp","href":"https:\/\/api.w.org\/{rel}","templated":true}]}}